


{"id":6482,"date":"2025-03-31T13:13:09","date_gmt":"2025-03-31T13:13:09","guid":{"rendered":"https:\/\/www.oic.it\/cookie-policy\/"},"modified":"2026-01-30T07:38:30","modified_gmt":"2026-01-30T07:38:30","slug":"cookie-policy-en","status":"publish","type":"page","link":"https:\/\/www.oic.it\/en\/cookie-policy-en\/","title":{"rendered":"Cookie Policy"},"content":{"rendered":"\t\t<div data-elementor-type=\"wp-page\" data-elementor-id=\"6482\" class=\"elementor elementor-6482 elementor-2505\" data-elementor-post-type=\"page\">\n\t\t\t\t<div class=\"elementor-element elementor-element-4f6c89c e-flex e-con-boxed e-con e-parent\" data-id=\"4f6c89c\" data-element_type=\"container\" data-e-type=\"container\" data-settings=\"{&quot;jet_parallax_layout_list&quot;:[]}\">\n\t\t\t\t\t<div class=\"e-con-inner\">\n\t\t\t\t<div class=\"elementor-element elementor-element-9599277 elementor-widget elementor-widget-heading\" data-id=\"9599277\" data-element_type=\"widget\" data-e-type=\"widget\" data-widget_type=\"heading.default\">\n\t\t\t\t<div class=\"elementor-widget-container\">\n\t\t\t\t\t<h2 class=\"elementor-heading-title elementor-size-default\">Cookie Policy<\/h2>\t\t\t\t<\/div>\n\t\t\t\t<\/div>\n\t\t\t\t\t<\/div>\n\t\t\t\t<\/div>\n\t\t<div class=\"elementor-element elementor-element-eac5ee9 e-flex e-con-boxed e-con e-parent\" data-id=\"eac5ee9\" data-element_type=\"container\" data-e-type=\"container\" data-settings=\"{&quot;jet_parallax_layout_list&quot;:[]}\">\n\t\t\t\t\t<div class=\"e-con-inner\">\n\t\t\t\t<div class=\"elementor-element elementor-element-10ef49e elementor-widget elementor-widget-text-editor\" data-id=\"10ef49e\" data-element_type=\"widget\" data-e-type=\"widget\" data-widget_type=\"text-editor.default\">\n\t\t\t\t<div class=\"elementor-widget-container\">\n\t\t\t\t\t\t\t\t\t<h2>Cookie Policy<\/h2><p><strong>Cookie Policy<br \/><\/strong>Pursuant to and for the purposes of articles. 13 and 14 of the EU Regulation n. 679\/2016 (hereinafter referred to as &#8220;GDPR&#8221;) and in implementation of the provision of the Guarantor for the protection of personal data of 8 May 2014 &#8220;Identification of simplified procedures for the information and the acquisition of consent for the use of cookies&#8221;, OIC Srl based in Viale della Giovine Italia, 17 &#8211; 50122 Florence, informs you of the following.<\/p><p>Our website may store or retrieve information from the browser, especially in the form of cookies. This information may be relative to the user, his preferences or the Internet access device used (computer, tablet or mobile phone) and is mainly used to adapt the website&#8217;s operation to the user&#8217;s expectations, offering a more personalized browsing experience by memorizing the previously made choices.<\/p><p>Below you can learn more about the various ways in which we use cookies.<\/p><p><strong>&#8220;Technical&#8221; cookies<\/strong><br \/>These cookies are necessary for the proper functionality of the website. They allow for the page navigation and without them we could not provide the services for which users access the website.<\/p><p><strong>Principles of treatment<\/strong><br \/>The processing of your personal data will be carried out in compliance with the principles of lawfulness, limitation, accuracy, integrity and confidentiality established by art. 5 of the GDPR and other applicable regulations.<\/p><p>All data will be processed fairly and transparently with electronic and IT tools; the data will be inserted in specific computerized archives, or in any other type of adequate support, and kept under constant control with operating procedures and adequate security measures, pursuant to the provisions of art. 32 of EU Regulation 679\/2016, to guarantee the security and confidentiality of personal data, in order to prevent its loss, as well as its illicit or incorrect use and unauthorized access.<\/p><p><strong>Legal basis, scope of communication and duration of data treatment<\/strong><br \/>The legal basis for processing your personal data for the aforementioned purposes is represented by your expressed consent, which is not required for the use of technical cookies. Any failure to consent to the processing, where necessary and required, makes it impossible to carry out the activities for the purposes described above.<\/p><p>The processing of personal data can be carried out by the internal staff of the owner expressly authorized and by the following:<\/p><ul><li>companies, organizations or associations, as well as consultants and professionals appointed as external processors pursuant to art. 28 of the aforementioned EU Regulation, which, on behalf of the Data Controller, provide specific organizational or processing services or which carry out instrumental activities or activities of support for the Owner in the context of the activities mentioned above. The list of authorized persons and external managers is available from the Data Controller. The processing of personal data may also be carried out by the so called &#8220;Third parties&#8221; based on the above rules.<\/li><\/ul><p>The personal data referred to above may be disclosed to:<\/p><ul><li>subjects to whom the right to access your personal data is recognized by legal provisions, regulations or Community legislation;<\/li><li>subjects to whom the communication is required by law or regulation, or by public entities for the performance of their institutional functions.<br \/>I Suoi dati personali potranno inoltre essere diffusi soltanto in base a quanto richiesto da espressi adempimenti di legge.<\/li><\/ul><p>Nel rispetto dei principi di proporzionalit\u00e0 e necessit\u00e0, i dati personali non saranno conservati per periodi pi\u00f9 lunghi rispetto a quelli indispensabili al raggiungimento delle finalit\u00e0 sopra indicate.<\/p><p><strong>Rights of the interested party<\/strong><br \/>The GDPR recognizes a series of rights foreseen by the articles from 15 to 22 to the interested party, between which the access to one\u2019s own personal data, its rectification or cancellation, the right to limit or oppose its treatment, if foreseen in addition to the right to data portability. The interested party has the right to revoke the consent at any time without affecting the lawfulness of the processing based on the consent given before the revocation.<\/p><p>The interested party has the right to complain to the Guarantor Authority for the processing of personal data, pursuant to art. 77 of the GDPR.<\/p><p>Any further requests on the use of cookies on this website may be sent to the email address: privacy (@) oic.it<\/p>\t\t\t\t\t\t\t\t<\/div>\n\t\t\t\t<\/div>\n\t\t\t\t\t<\/div>\n\t\t\t\t<\/div>\n\t\t\t\t<\/div>\n\t\t","protected":false},"excerpt":{"rendered":"<p>Cookie Policy Cookie Policy Cookie Policy Pursuant to and for the purposes of articles. 13 and 14 of the EU Regulation n. 679\/2016 (hereinafter referred to as &#8220;GDPR&#8221;) and in implementation of the provision of the Guarantor for the protection of personal data of 8 May 2014 &#8220;Identification of simplified procedures for the information and [&hellip;]<\/p>\n","protected":false},"author":7,"featured_media":0,"parent":0,"menu_order":0,"comment_status":"closed","ping_status":"closed","template":"","meta":{"footnotes":""},"class_list":["post-6482","page","type-page","status-publish","hentry"],"_links":{"self":[{"href":"https:\/\/www.oic.it\/en\/wp-json\/wp\/v2\/pages\/6482","targetHints":{"allow":["GET"]}}],"collection":[{"href":"https:\/\/www.oic.it\/en\/wp-json\/wp\/v2\/pages"}],"about":[{"href":"https:\/\/www.oic.it\/en\/wp-json\/wp\/v2\/types\/page"}],"author":[{"embeddable":true,"href":"https:\/\/www.oic.it\/en\/wp-json\/wp\/v2\/users\/7"}],"replies":[{"embeddable":true,"href":"https:\/\/www.oic.it\/en\/wp-json\/wp\/v2\/comments?post=6482"}],"version-history":[{"count":8,"href":"https:\/\/www.oic.it\/en\/wp-json\/wp\/v2\/pages\/6482\/revisions"}],"predecessor-version":[{"id":6500,"href":"https:\/\/www.oic.it\/en\/wp-json\/wp\/v2\/pages\/6482\/revisions\/6500"}],"wp:attachment":[{"href":"https:\/\/www.oic.it\/en\/wp-json\/wp\/v2\/media?parent=6482"}],"curies":[{"name":"wp","href":"https:\/\/api.w.org\/{rel}","templated":true}]}}